{"id":35,"date":"2019-12-06T18:13:20","date_gmt":"2019-12-06T17:13:20","guid":{"rendered":"http:\/\/www.ehpc-conseils.com\/?page_id=35"},"modified":"2020-01-24T18:53:00","modified_gmt":"2020-01-24T17:53:00","slug":"recrutement","status":"publish","type":"page","link":"https:\/\/www.ehpc-conseils.com\/index.php\/recrutement\/","title":{"rendered":"RECRUTEMENT"},"content":{"rendered":"\n<div class=\"slider-wrapper relative\" id=\"slider-690787174\" >\n    <div class=\"slider slider-nav-circle slider-nav-large slider-nav-light slider-style-normal\"\n        data-flickity-options='{\n            \"cellAlign\": \"center\",\n            \"imagesLoaded\": true,\n            \"lazyLoad\": 1,\n            \"freeScroll\": false,\n            \"wrapAround\": true,\n            \"autoPlay\": 6000,\n            \"pauseAutoPlayOnHover\" : true,\n            \"prevNextButtons\": true,\n            \"contain\" : true,\n            \"adaptiveHeight\" : true,\n            \"dragThreshold\" : 10,\n            \"percentPosition\": true,\n            \"pageDots\": false,\n            \"rightToLeft\": false,\n            \"draggable\": true,\n            \"selectedAttraction\": 0.1,\n            \"parallax\" : 0,\n            \"friction\": 0.6        }'\n        >\n        \n\n\n  <div class=\"banner has-hover\" id=\"banner-481537428\">\n          <div class=\"banner-inner fill\">\n        <div class=\"banner-bg fill\" >\n            <div class=\"bg fill bg-fill \"><\/div>\n                        <div class=\"overlay\"><\/div>            \n                    <\/div>\n\t\t\n        <div class=\"banner-layers container\">\n            <div class=\"fill banner-link\"><\/div>            \n\n   <div id=\"text-box-1867374207\" class=\"text-box banner-layer x10 md-x10 lg-x10 y95 md-y50 lg-y50 res-text\">\n                                <div class=\"text-box-content text dark\">\n              \n              <div class=\"text-inner text-center\">\n                  \n\n<h6><span data-text-color=\"alert\"><strong>Notre cabinet EHPC Conseils<\/strong><\/span><\/h6>\n<h2 class=\"uppercase\" style=\"color: #ffffff;\"><span data-text-color=\"alert\"><strong>recrute<\/strong><\/span><\/h2>\n<p><span data-text-color=\"alert\"><strong>Envoyez-nous votre candidature spontan\u00e9e pour postuler en ligne via le formulaire ci-dessous<\/strong><\/span><\/p>\n<a href=\"#recrutement\" target=\"_self\" class=\"button white is-gradient\"  style=\"border-radius:99px;\">\n    <span>postulez ici<\/span>\n  <\/a>\n\n\n\n              <\/div>\n           <\/div>\n                            \n<style>\n#text-box-1867374207 .text-inner {\n  padding: 30px 30px 30px 30px;\n}\n#text-box-1867374207 {\n  width: 90%;\n}\n#text-box-1867374207 .text-box-content {\n  font-size: 100%;\n}\n@media (min-width:550px) {\n  #text-box-1867374207 {\n    width: 75%;\n  }\n}\n<\/style>\n    <\/div>\n \n\n        <\/div>\n      <\/div>\n\n            \n<style>\n#banner-481537428 {\n  padding-top: 637px;\n}\n#banner-481537428 .bg.bg-loaded {\n  background-image: url(https:\/\/www.ehpc-conseils.com\/wp-content\/uploads\/2019\/12\/recrutement-ehpc-conseils.jpg);\n}\n#banner-481537428 .overlay {\n  background-color: rgba(180, 215, 188, 0.59);\n}\n#banner-481537428 .bg {\n  background-position: 35% 81%;\n}\n#banner-481537428 .ux-shape-divider--top svg {\n  height: 150px;\n  --divider-top-width: 100%;\n}\n#banner-481537428 .ux-shape-divider--bottom svg {\n  height: 150px;\n  --divider-width: 100%;\n}\n<\/style>\n  <\/div>\n\n\n\n     <\/div>\n\n     <div class=\"loading-spin dark large centered\"><\/div>\n\n     \t<\/div>\n\n\n<span class=\"scroll-to\" data-label=\"Scroll to: #recrutement\" data-bullet=\"false\" data-link=\"#recrutement\" data-title=\"recrutement\"><a name=\"recrutement\"><\/a><\/span>\n\n\t<div id=\"gap-1349723810\" class=\"gap-element clearfix\" style=\"display:block; height:auto;\">\n\t\t\n<style>\n#gap-1349723810 {\n  padding-top: 60px;\n}\n<\/style>\n\t<\/div>\n\t\n\n<div class=\"row align-middle align-center\"  id=\"row-2084699549\">\n\n\n\t<div id=\"col-615466418\" class=\"col medium-10 small-12 large-10\"  >\n\t\t\t\t<div class=\"col-inner text-left\"  >\n\t\t\t\n\t\t\t\n\n\t<div id=\"gap-540970958\" class=\"gap-element clearfix\" style=\"display:block; height:auto;\">\n\t\t\n<style>\n#gap-540970958 {\n  padding-top: 31px;\n}\n<\/style>\n\t<\/div>\n\t\n\n<h1 style=\"text-align: center;\"><span style=\"font-size: 120%;\">FORMULAIRE DE RECRUTEMENT<\/span><\/h1>\n<div class=\"text-center\"><div class=\"is-divider divider clearfix\" style=\"max-width:120px;\"><\/div><\/div>\n\n<p style=\"text-align: center;\">Le cabinet d&rsquo;expertise comptable EHPC Conseils recrute r\u00e9guli\u00e8rement. Votre profil nous int\u00e9resse certainement m\u00eame si aucune offre n&rsquo;est disponible actuellement.<\/p>\n<p style=\"text-align: center;\">D\u00e9posez votre candidature spontan\u00e9e. Notre \u00e9quipe EHPC Conseils l\u2019\u00e9tudiera avec int\u00e9r\u00eat !<\/p>\n\t<div id=\"gap-1070290961\" class=\"gap-element clearfix\" style=\"display:block; height:auto;\">\n\t\t\n<style>\n#gap-1070290961 {\n  padding-top: 31px;\n}\n<\/style>\n\t<\/div>\n\t\n\n\n<div class=\"wpcf7 no-js\" id=\"wpcf7-f288-o1\" lang=\"fr-FR\" dir=\"ltr\">\n<div class=\"screen-reader-response\"><p role=\"status\" aria-live=\"polite\" aria-atomic=\"true\"><\/p> <ul><\/ul><\/div>\n<form action=\"\/index.php\/wp-json\/wp\/v2\/pages\/35#wpcf7-f288-o1\" method=\"post\" class=\"wpcf7-form init\" aria-label=\"Formulaire de contact\" enctype=\"multipart\/form-data\" novalidate=\"novalidate\" data-status=\"init\">\n<div style=\"display: none;\">\n<input type=\"hidden\" name=\"_wpcf7\" value=\"288\" \/>\n<input type=\"hidden\" name=\"_wpcf7_version\" value=\"5.9.8\" \/>\n<input type=\"hidden\" name=\"_wpcf7_locale\" value=\"fr_FR\" \/>\n<input type=\"hidden\" name=\"_wpcf7_unit_tag\" value=\"wpcf7-f288-o1\" \/>\n<input type=\"hidden\" name=\"_wpcf7_container_post\" value=\"0\" \/>\n<input type=\"hidden\" name=\"_wpcf7_posted_data_hash\" value=\"\" \/>\n<input type=\"hidden\" name=\"_wpcf7_recaptcha_response\" value=\"\" \/>\n<\/div>\n<div class=\"form-flat\">\n\t<p><label> Votre nom*<br \/>\n<span class=\"wpcf7-form-control-wrap\" data-name=\"your-name\"><input size=\"40\" maxlength=\"400\" class=\"wpcf7-form-control wpcf7-text wpcf7-validates-as-required\" aria-required=\"true\" aria-invalid=\"false\" placeholder=\"Merci de pr\u00e9ciser votre NOM et votre Pr\u00e9nom\" value=\"\" type=\"text\" name=\"your-name\" \/><\/span> <\/label>\n\t<\/p>\n\t<p><label> Votre email*<br \/>\n<span class=\"wpcf7-form-control-wrap\" data-name=\"your-email\"><input size=\"40\" maxlength=\"400\" class=\"wpcf7-form-control wpcf7-text wpcf7-validates-as-required\" aria-required=\"true\" aria-invalid=\"false\" placeholder=\"Merci de pr\u00e9ciser votre adresse e-mail\" value=\"\" type=\"text\" name=\"your-email\" \/><\/span> <\/label>\n\t<\/p>\n\t<p><label> Votre num\u00e9ro de t\u00e9l\u00e9phone*<br \/>\n<span class=\"wpcf7-form-control-wrap\" data-name=\"Tlphone\"><input size=\"40\" maxlength=\"400\" class=\"wpcf7-form-control wpcf7-tel wpcf7-validates-as-required wpcf7-text wpcf7-validates-as-tel\" aria-required=\"true\" aria-invalid=\"false\" placeholder=\"Veuillez renseigner votre num\u00e9ro de t\u00e9l\u00e9phone\" value=\"\" type=\"tel\" name=\"Tlphone\" \/><\/span> <\/label>\n\t<\/p>\n\t<p><label> Votre demande concerne*<br \/>\n<span class=\"wpcf7-form-control-wrap\" data-name=\"Objet\"><select class=\"wpcf7-form-control wpcf7-select wpcf7-validates-as-required\" aria-required=\"true\" aria-invalid=\"false\" name=\"Objet\"><option value=\"\">&#8212;Veuillez choisir une option&#8212;<\/option><option value=\"CDI\">CDI<\/option><option value=\"CDD\">CDD<\/option><option value=\"Stages\">Stages<\/option><option value=\"Contrat d&#039;apprentissage\">Contrat d&#039;apprentissage<\/option><option value=\"Contrat de professionnalisation\">Contrat de professionnalisation<\/option><option value=\"Autres\">Autres<\/option><\/select><\/span> <\/label>\n\t<\/p>\n\t<p><label> Ann\u00e9es d'exp\u00e9rience*<br \/>\n<span class=\"wpcf7-form-control-wrap\" data-name=\"Objet\"><select class=\"wpcf7-form-control wpcf7-select wpcf7-validates-as-required\" aria-required=\"true\" aria-invalid=\"false\" name=\"Objet\"><option value=\"\">&#8212;Veuillez choisir une option&#8212;<\/option><option value=\"&lt;3mois\">&lt;3mois<\/option><option value=\"1 \u00e0 2 ans\">1 \u00e0 2 ans<\/option><option value=\"2 \u00e0 3 ans\">2 \u00e0 3 ans<\/option><option value=\"3 \u00e0 4 ans\">3 \u00e0 4 ans<\/option><option value=\"+ de 4 ans\">+ de 4 ans<\/option><\/select><\/span> <\/label>\n\t<\/p>\n\t<p><label> Avez-vous d\u00e9j\u00e0 travaill\u00e9 dans un cabinet comptable ?*<br \/>\n<span class=\"wpcf7-form-control-wrap\" data-name=\"Objet\"><select class=\"wpcf7-form-control wpcf7-select wpcf7-validates-as-required\" aria-required=\"true\" aria-invalid=\"false\" name=\"Objet\"><option value=\"\">&#8212;Veuillez choisir une option&#8212;<\/option><option value=\"Oui\">Oui<\/option><option value=\"Non\">Non<\/option><\/select><\/span> <\/label>\n\t<\/p>\n\t<p><label> Quel est le poste recherch\u00e9 ?*<br \/>\n<span class=\"wpcf7-form-control-wrap\" data-name=\"Objet\"><select class=\"wpcf7-form-control wpcf7-select wpcf7-validates-as-required\" aria-required=\"true\" aria-invalid=\"false\" name=\"Objet\"><option value=\"\">&#8212;Veuillez choisir une option&#8212;<\/option><option value=\"Expert Comptable\">Expert Comptable<\/option><option value=\"Chef de Mission\">Chef de Mission<\/option><option value=\"Collaborateur Comptable\">Collaborateur Comptable<\/option><option value=\"Collaborateur Social\">Collaborateur Social<\/option><option value=\"Secr\u00e9taire\">Secr\u00e9taire<\/option><option value=\"Apprenti\">Apprenti<\/option><option value=\"Stagiaire\">Stagiaire<\/option><option value=\"Autre\">Autre<\/option><\/select><\/span> <\/label>\n\t<\/p>\n\t<p><label> Votre CV<br \/>\n<span class=\"wpcf7-form-control-wrap\" data-name=\"your-file\"><input size=\"40\" class=\"wpcf7-form-control wpcf7-file\" accept=\".pdf,.txt\" aria-invalid=\"false\" type=\"file\" name=\"your-file\" \/><\/span><\/label>\n\t<\/p>\n\t<p><label> Votre message<br \/>\n<span class=\"wpcf7-form-control-wrap\" data-name=\"your-message\"><textarea cols=\"40\" rows=\"10\" maxlength=\"2000\" class=\"wpcf7-form-control wpcf7-textarea\" aria-invalid=\"false\" name=\"your-message\"><\/textarea><\/span> <\/label>\n\t<\/p>\n\t<p><span class=\"wpcf7-form-control-wrap\" data-name=\"checkbox-593\"><span class=\"wpcf7-form-control wpcf7-checkbox wpcf7-validates-as-required\"><span class=\"wpcf7-list-item first last\"><input type=\"checkbox\" name=\"checkbox-593[]\" value=\"En soumettant ce formulaire, j&#039;accepte que les informations saisies soient exploit\u00e9es dans le cadre de ma demande aupr\u00e8s de la soci\u00e9t\u00e9 EHPC Conseils et j&#039;accepte les conditions particuli\u00e8res*\" \/><span class=\"wpcf7-list-item-label\">En soumettant ce formulaire, j&#039;accepte que les informations saisies soient exploit\u00e9es dans le cadre de ma demande aupr\u00e8s de la soci\u00e9t\u00e9 EHPC Conseils et j&#039;accepte les conditions particuli\u00e8res*<\/span><\/span><\/span><\/span>\n\t<\/p>\n\t<p><input class=\"wpcf7-form-control wpcf7-submit has-spinner\" type=\"submit\" value=\"Envoyer\" \/>\n\t<\/p>\n<\/div><p style=\"display: none !important;\" class=\"akismet-fields-container\" data-prefix=\"_wpcf7_ak_\"><label>&#916;<textarea name=\"_wpcf7_ak_hp_textarea\" cols=\"45\" rows=\"8\" maxlength=\"100\"><\/textarea><\/label><input type=\"hidden\" id=\"ak_js_1\" name=\"_wpcf7_ak_js\" value=\"224\"\/><script>document.getElementById( \"ak_js_1\" ).setAttribute( \"value\", ( new Date() ).getTime() );<\/script><\/p><div class=\"wpcf7-response-output\" aria-hidden=\"true\"><\/div>\n<\/form>\n<\/div>\n\n\n<p align=\"justify\"><span style=\"font-size: 70%;\">* Les informations recueillies sur ce formulaire sont enregistr\u00e9es et conserv\u00e9es dans un fichier informatis\u00e9. Elles sont transmises aux \u00e9quipes en charge du suivi de vos demandes. Conform\u00e9ment au R\u00e8glement g\u00e9n\u00e9ral sur la protection des donn\u00e9es (RGPD), vous pouvez exercer votre droit d\u2019acc\u00e8s aux donn\u00e9es vous concernant et les faire rectifier ou supprimer. Vous pouvez \u00e9galement exercer votre droit de limitation du traitement et votre droit \u00e0 la portabilit\u00e9 des donn\u00e9es en nous contactant par e-mail.<\/p>\n<p><\/span><\/p>\n\t<div id=\"gap-1468339803\" class=\"gap-element clearfix\" style=\"display:block; height:auto;\">\n\t\t\n<style>\n#gap-1468339803 {\n  padding-top: 60px;\n}\n<\/style>\n\t<\/div>\n\t\n\n\n\t\t<\/div>\n\t\t\t\t\t<\/div>\n\n\t\n\n<\/div>\n<div class=\"message-box relative\" style=\"padding-top:36px;padding-bottom:36px;\"><div class=\"message-box-bg-image bg-fill fill\" ><\/div><div class=\"message-box-bg-overlay bg-fill fill\" style=\"background-color:rgb(246, 246, 246);\"><\/div><div class=\"container relative\"><div class=\"inner last-reset\">\n\n<div class=\"row align-middle\"  id=\"row-286046735\">\n\n\n\t<div id=\"col-900120582\" class=\"col medium-9 small-12 large-9\"  >\n\t\t\t\t<div class=\"col-inner\"  >\n\t\t\t\n\t\t\t\n\n<h1 class=\"uppercase\"><span data-text-color=\"alert\"><strong>UNE QUESTION ?<\/strong><\/span><\/h1>\n<p align=\"justify\"><span data-text-color=\"alert\"><strong>Contactez-nous pour plus de renseignements ou pour toute demande de devis :<\/strong><\/span><\/p>\n\n\t\t<\/div>\n\t\t\t\t\t<\/div>\n\n\t\n\n\t<div id=\"col-488042117\" class=\"col medium-3 small-12 large-3\"  >\n\t\t\t\t<div class=\"col-inner text-right\"  >\n\t\t\t\n\t\t\t\n\n<a data-animate=\"flipInY\" href=\"https:\/\/www.ehpc-conseils.com\/index.php\/contact\/\" target=\"_self\" class=\"button alert\"  style=\"border-radius:99px;\">\n    <span>Contactez-nous<\/span>\n  <\/a>\n\n\n\n\t\t<\/div>\n\t\t\t\t\t<\/div>\n\n\t\n\n<\/div>\n\n<\/div><\/div><\/div>\n\n","protected":false},"excerpt":{"rendered":"","protected":false},"author":1,"featured_media":0,"parent":0,"menu_order":0,"comment_status":"closed","ping_status":"closed","template":"page-blank.php","meta":{"_monsterinsights_skip_tracking":false,"_monsterinsights_sitenote_active":false,"_monsterinsights_sitenote_note":"","_monsterinsights_sitenote_category":0,"footnotes":""},"_links":{"self":[{"href":"https:\/\/www.ehpc-conseils.com\/index.php\/wp-json\/wp\/v2\/pages\/35"}],"collection":[{"href":"https:\/\/www.ehpc-conseils.com\/index.php\/wp-json\/wp\/v2\/pages"}],"about":[{"href":"https:\/\/www.ehpc-conseils.com\/index.php\/wp-json\/wp\/v2\/types\/page"}],"author":[{"embeddable":true,"href":"https:\/\/www.ehpc-conseils.com\/index.php\/wp-json\/wp\/v2\/users\/1"}],"replies":[{"embeddable":true,"href":"https:\/\/www.ehpc-conseils.com\/index.php\/wp-json\/wp\/v2\/comments?post=35"}],"version-history":[{"count":20,"href":"https:\/\/www.ehpc-conseils.com\/index.php\/wp-json\/wp\/v2\/pages\/35\/revisions"}],"predecessor-version":[{"id":769,"href":"https:\/\/www.ehpc-conseils.com\/index.php\/wp-json\/wp\/v2\/pages\/35\/revisions\/769"}],"wp:attachment":[{"href":"https:\/\/www.ehpc-conseils.com\/index.php\/wp-json\/wp\/v2\/media?parent=35"}],"curies":[{"name":"wp","href":"https:\/\/api.w.org\/{rel}","templated":true}]}}