{"id":39,"date":"2019-12-06T18:13:47","date_gmt":"2019-12-06T17:13:47","guid":{"rendered":"http:\/\/www.ehpc-conseils.com\/?page_id=39"},"modified":"2020-01-24T18:57:53","modified_gmt":"2020-01-24T17:57:53","slug":"mentions-legales","status":"publish","type":"page","link":"https:\/\/www.ehpc-conseils.com\/index.php\/mentions-legales\/","title":{"rendered":"MENTIONS L\u00c9GALES"},"content":{"rendered":"\n\t<section class=\"section\" id=\"section_1165583384\">\n\t\t<div class=\"bg section-bg fill bg-fill  bg-loaded\" >\n\n\t\t\t\n\t\t\t<div class=\"section-bg-overlay absolute fill\"><\/div>\n\t\t\t\n\n\t\t<\/div>\n\n\t\t\n\n\t\t<div class=\"section-content relative\">\n\t\t\t\n\n<div class=\"row row-large align-middle\"  id=\"row-1497575855\">\n\n\n\t<div id=\"col-1354001667\" class=\"col small-12 large-12\"  >\n\t\t\t\t<div class=\"col-inner text-left\"  >\n\t\t\t\n\t\t\t\n\n\t<div id=\"gap-78458213\" class=\"gap-element clearfix\" style=\"display:block; height:auto;\">\n\t\t\n<style>\n#gap-78458213 {\n  padding-top: 60px;\n}\n<\/style>\n\t<\/div>\n\t\n\n<h1 style=\"text-align: center;\"><span style=\"font-size: 120%;\">LES MENTIONS L\u00c9GALES<\/span><\/h1>\n<div class=\"text-center\"><div class=\"is-divider divider clearfix\" style=\"max-width:120px;\"><\/div><\/div>\n\n\t<div id=\"gap-1814818668\" class=\"gap-element clearfix\" style=\"display:block; height:auto;\">\n\t\t\n<style>\n#gap-1814818668 {\n  padding-top: 31px;\n}\n<\/style>\n\t<\/div>\n\t\n\n<p align=\"justify\">Conform\u00e9ment aux dispositions des articles 6-III et 19 de la Loi n\u00b0 2004-575 du 21 juin 2004 pour la Confiance dans l\u2019\u00e9conomie num\u00e9rique, dite L.C.E.N., nous portons \u00e0 la connaissance des utilisateurs et visiteurs du site : <span style=\"color: #a9adae;\"><a style=\"color: #000000;\" href=\"https:\/\/www.ehpc-conseils.com\" target=\"_blank\" rel=\"noopener noreferrer\">https:\/\/www.ehpc-conseils.com<\/a><\/span>\u00a0les informations suivantes :<\/p>\n<p>\u00a0<\/p>\n<h1>Informations l\u00e9gales<\/h1>\n<p align=\"justify\">Le Propri\u00e9taire est :\u00a0<strong>EHPC Conseils<\/strong><\/p>\n<p align=\"justify\">Adresse postale :\u00a0<strong>XXX<\/strong><\/p>\n<p>Le Cr\u00e9ateur du site est <span style=\"color: #000000;\"><strong><a style=\"color: #000000;\" href=\"https:\/\/www.ehpc-conseils.com\" target=\"_blank\" rel=\"noopener noreferrer\">https:\/\/www.ehpc-conseils.com<\/a><\/strong><\/span><\/p>\n<p>Le Responsable de la\u00a0 publication est : <strong>EHPC Conseils<\/strong><\/p>\n<p>Contacter le responsable de la publication :\u00a0<strong>contact@ehpc-conseils.com<\/strong><\/p>\n<p>Le Webmaster est : <strong>L\u2019agence de Communication Tamline<\/strong><\/p>\n<p>Contacter le Webmaster :\u00a0\u00a0<strong>hello@tamline.fr<\/strong><\/p>\n<p>L\u2019h\u00e9bergeur du site est : <strong>OVH<\/strong><\/p>\n<p>\u00a0<\/p>\n<h1>Pr\u00e9sentation et principe<\/h1>\n<p align=\"justify\">Est d\u00e9sign\u00e9 ci-apr\u00e8s :\u00a0<strong>Utilisateur<\/strong>, tout internaute se connectant et utilisant le site susnomm\u00e9 :\u00a0<span style=\"color: #000000;\"><a style=\"color: #000000;\" href=\"https:\/\/www.ehpc-conseils.com\" target=\"_blank\" rel=\"noopener noreferrer\">https:\/\/www.ehpc-conseils.com<\/a><\/span><\/p>\n<p align=\"justify\">Le site <span style=\"color: #000000;\"><a style=\"color: #000000;\" href=\"https:\/\/www.ehpc-conseils.com\" target=\"_blank\" rel=\"noopener noreferrer\">https:\/\/www.ehpc-conseils.com<\/a>\u00a0<\/span>regroupe un ensemble de services, dans l\u2019\u00e9tat,\u00a0mis \u00e0 la disposition des utilisateurs. Il est ici pr\u00e9cis\u00e9 que ces derniers doivent rester courtois et faire preuve de bonne foi tant envers les autres utilisateurs qu\u2019envers le webmaster du site <span style=\"color: #000000;\"><a style=\"color: #000000;\" href=\"https:\/\/www.ehpc-conseils.com\" target=\"_blank\" rel=\"noopener noreferrer\">https:\/\/www.ehpc-conseils.com<\/a><\/span>. Le site <span style=\"color: #000000;\"><a style=\"color: #000000;\" href=\"https:\/\/www.ehpc-conseils.com\" target=\"_blank\" rel=\"noopener noreferrer\">https:\/\/www.ehpc-conseils.com<\/a><\/span> est mis \u00e0 jour r\u00e9guli\u00e8rement par la soci\u00e9t\u00e9 <span style=\"color: #000000;\"><strong><a style=\"color: #000000;\" href=\"http:\/\/www.tamline.fr\" target=\"_blank\" rel=\"noopener noreferrer\">Tamline SAS<\/a><\/strong><\/span>.<\/p>\n<p align=\"justify\"><strong>EHPC Conseils<\/strong> s\u2019efforce de fournir sur le site <span style=\"color: #000000;\"><a style=\"color: #000000;\" href=\"https:\/\/www.ehpc-conseils.com\" target=\"_blank\" rel=\"noopener noreferrer\">https:\/\/www.ehpc-conseils.com<\/a><\/span> des informations les plus pr\u00e9cises possibles (sous r\u00e9serve de modifications apport\u00e9es depuis leur mise en ligne), mais ne saurait garantir l\u2019exactitude, la compl\u00e9tude et l\u2019actualit\u00e9 des informations diffus\u00e9es sur son site, qu\u2019elles soient de son fait ou du fait des tiers partenaires qui lui fournissent ces informations. En cons\u00e9quence, l\u2019utilisateur reconna\u00eet utiliser ces informations donn\u00e9es (\u00e0 titre indicatif, non exhaustives et susceptibles d\u2019\u00e9voluer) sous sa responsabilit\u00e9 exclusive.<\/p>\n<p>\u00a0<\/p>\n<h1>Accessibilit\u00e9<\/h1>\n<p align=\"justify\">Le site<span style=\"color: #000000;\"><a style=\"color: #000000;\" href=\"https:\/\/www.ehpc-conseils.com\" target=\"_blank\" rel=\"noopener noreferrer\"> https:\/\/www.ehpc-conseils.com<\/a><\/span><b>\u00a0<\/b>est par principe accessible aux utilisateurs 24\/24h, 7\/7j, sauf interruption, programm\u00e9e ou non, pour les besoins de sa maintenance ou en cas de force majeure. En cas d\u2019impossibilit\u00e9 d\u2019acc\u00e8s au service,<a href=\"https:\/\/www.ehpc-conseils.com\" target=\"_blank\" rel=\"noopener noreferrer\"><span style=\"color: #000000;\"> https:\/\/www.ehpc-conseils.com<\/span> <\/a>s\u2019engage \u00e0 faire son maximum afin de r\u00e9tablir l\u2019acc\u00e8s au service et s\u2019efforcera alors de communiquer pr\u00e9alablement aux utilisateurs les dates et heures de l\u2019intervention.\u00a0N\u2019\u00e9tant soumis qu\u2019\u00e0 une obligation de moyen, <a href=\"https:\/\/www.ehpc-conseils.com\" target=\"_blank\" rel=\"noopener noreferrer\"><span style=\"color: #000000;\">https:\/\/www.ehpc-conseils.com<\/span> <\/a>ne saurait \u00eatre tenu pour responsable de tout dommage, quelle qu\u2019en soit la nature, r\u00e9sultant d\u2019une indisponibilit\u00e9 du service.<\/p>\n<p>\u00a0<\/p>\n<h1>Propri\u00e9t\u00e9 intellectuelle<\/h1>\n<p align=\"justify\"><strong><span style=\"color: #000000;\"><a style=\"color: #000000;\" href=\"http:\/\/www.tamline.fr\" target=\"_blank\" rel=\"noopener noreferrer\">L\u2019agence de Communication Tamline<\/a><\/span>\u00a0<\/strong>est propri\u00e9taire exclusif de tous les droits de propri\u00e9t\u00e9 intellectuelle ou d\u00e9tient les droits d\u2019usage sur tous les \u00e9l\u00e9ments accessibles sur le site, tant sur la structure que sur les textes, images, graphismes, logo, ic\u00f4nes, sons, logiciels\u2026<\/p>\n<p align=\"justify\">Toute reproduction totale ou partielle du site <span style=\"color: #000000;\"><a style=\"color: #000000;\" href=\"https:\/\/www.ehpc-conseils.com\" target=\"_blank\" rel=\"noopener noreferrer\">https:\/\/www.ehpc-conseils.com<\/a><\/span>, repr\u00e9sentation, modification, publication, adaptation totale ou partielle de l\u2019un quelconque de ces \u00e9l\u00e9ments, quel que soit le moyen ou le proc\u00e9d\u00e9 utilis\u00e9, est interdite, sauf autorisation \u00e9crite pr\u00e9alable de <a href=\"http:\/\/www.tamline.fr\" target=\"_blank\" rel=\"noopener noreferrer\"><span style=\"color: #000000;\">Tamline<\/span> <\/a>\u00e0 l\u2019email : <span style=\"color: #000000;\"><a style=\"color: #000000;\" href=\"mailto:hello@tamline.fr\" target=\"_blank\" rel=\"noopener noreferrer\">hello@tamline.fr<\/a><\/span>, \u00e0 d\u00e9faut elle sera consid\u00e9r\u00e9e comme constitutive d\u2019une contrefa\u00e7on et passible de poursuite conform\u00e9ment aux dispositions des articles L.335-2 et suivants du Code de Propri\u00e9t\u00e9 Intellectuelle.<\/p>\n<p>\u00a0<\/p>\n<h1>Liens hypertextes et cookies<\/h1>\n<p align=\"justify\">Le site <a href=\"https:\/\/www.ehpc-conseils.com\" target=\"_blank\" rel=\"noopener noreferrer\"><span style=\"color: #000000;\">https:\/\/www.ehpc-conseils.com<\/span> <\/a>contient un certain nombre de liens hypertextes vers d\u2019autres sites (partenaires, informations \u2026) mis en place avec l\u2019autorisation de <strong>EHPC Conseils<\/strong>. Cependant, <strong>EHPC Conseils<\/strong> n\u2019a pas la possibilit\u00e9 de v\u00e9rifier l\u2019ensemble du contenu des sites ainsi visit\u00e9s et d\u00e9cline donc toute responsabilit\u00e9 de ce fait quant aux risques \u00e9ventuels de contenus illicites.<\/p>\n<p align=\"justify\">L\u2019utilisateur est inform\u00e9 que lors de ses visites sur le site <span style=\"color: #000000;\"><a style=\"color: #000000;\" href=\"https:\/\/www.ehpc-conseils.com\" target=\"_blank\" rel=\"noopener noreferrer\">https:\/\/www.ehpc-conseils.com<\/a><\/span>, un ou des cookies sont susceptibles de s\u2019installer automatiquement sur son ordinateur par l\u2019interm\u00e9diaire de son logiciel de navigation. Un cookie est un bloc de donn\u00e9es qui ne permet pas d\u2019identifier l\u2019utilisateur, mais qui enregistre des informations relatives \u00e0 la navigation de celui-ci sur le site.\u00a0<\/p>\n<p align=\"justify\">Le param\u00e9trage du logiciel de navigation permet d\u2019informer de la pr\u00e9sence de cookie et \u00e9ventuellement, de la refuser de la mani\u00e8re d\u00e9crite \u00e0 l\u2019adresse suivante :<strong>\u00a0www.cnil.fr<\/strong>. L\u2019utilisateur peut toutefois configurer le navigateur de son ordinateur pour refuser l\u2019installation des cookies, sachant que le refus d\u2019installation d\u2019un cookie peut entra\u00eener l\u2019impossibilit\u00e9 d\u2019acc\u00e9der \u00e0 certains services. Pour tout blocage des cookies, tapez dans votre moteur de recherche : blocage des cookies sous IE ou firefox et suivez les instructions en fonction de votre version.<\/p>\n<p>\u00a0<\/p>\n<h1>Protection des biens et des personnes \u2013 gestion des donn\u00e9es personnelles<\/h1>\n<p align=\"justify\">En France, les donn\u00e9es personnelles sont notamment prot\u00e9g\u00e9es par la loi n\u00b0 78-87 du 6 janvier 1978, la loi n\u00b0 2004-801 du 6 ao\u00fbt 2004, l\u2019article L. 226-13 du Code p\u00e9nal et la Directive Europ\u00e9enne du 24 octobre 1995.<\/p>\n<p align=\"justify\">Sur le site <span style=\"color: #000000;\"><a style=\"color: #000000;\" href=\"https:\/\/www.ehpc-conseils.com\" target=\"_blank\" rel=\"noopener noreferrer\">https:\/\/www.ehpc-conseils.com<\/a>,<\/span> <strong>EHPC Conseils<\/strong> ne collecte des informations personnelles (suivant l\u2019article 4 loi n\u00b078-17 du 06 janvier 1978) relatives \u00e0 l\u2019utilisateur que pour le besoin de certains services propos\u00e9s par le site <span style=\"color: #000000;\"><a style=\"color: #000000;\" href=\"https:\/\/www.ehpc-conseils.com\" target=\"_blank\" rel=\"noopener noreferrer\">https:\/\/www.ehpc-conseils.com<\/a><\/span>. L\u2019utilisateur fournit ces informations en toute connaissance de cause, notamment lorsqu\u2019il proc\u00e8de par lui-m\u00eame \u00e0 leur saisie. Il est alors pr\u00e9cis\u00e9 \u00e0 l\u2019utilisateur du site <span style=\"color: #000000;\"><a style=\"color: #000000;\" href=\"https:\/\/www.ehpc-conseils.com\" target=\"_blank\" rel=\"noopener noreferrer\">https:\/\/www.ehpc-conseils.com<\/a><\/span> l\u2019obligation ou non de fournir ces informations.<\/p>\n<p align=\"justify\">Conform\u00e9ment aux dispositions des articles 38 et suivants de la loi 78-17 du 6 janvier 1978 relative \u00e0 l\u2019informatique, aux fichiers et aux libert\u00e9s, tout utilisateur dispose d\u2019un droit d\u2019acc\u00e8s, de rectification, de suppression et d\u2019opposition aux donn\u00e9es personnelles le concernant. Pour l\u2019exercer, adressez votre demande \u00e0 <span style=\"color: #000000;\"><a style=\"color: #000000;\" href=\"https:\/\/www.ehpc-conseils.com\" target=\"_blank\" rel=\"noopener noreferrer\">https:\/\/www.ehpc-conseils.com <\/a><\/span>par email : <span style=\"color: #000000;\"><a style=\"color: #000000;\" href=\"mailto:contact@ehpc-conseils.com\" target=\"_blank\" rel=\"noopener noreferrer\">contact@ehpc-conseils.com<\/a><\/span>\u00a0ou\u00a0par \u00e9crit\u00a0d\u00fbment sign\u00e9e, accompagn\u00e9e d\u2019une copie du titre d\u2019identit\u00e9 avec signature du titulaire de la pi\u00e8ce, en pr\u00e9cisant l\u2019adresse \u00e0 laquelle la r\u00e9ponse doit \u00eatre envoy\u00e9e.<\/p>\n<p align=\"justify\">Aucune information personnelle de l\u2019utilisateur du site <span style=\"color: #000000;\"><a style=\"color: #000000;\" href=\"https:\/\/www.ehpc-conseils.com\" target=\"_blank\" rel=\"noopener noreferrer\">https:\/\/www.ehpc-conseils.com<\/a><\/span><b>\u00a0<\/b>n\u2019est publi\u00e9e \u00e0 l\u2019insu de l\u2019utilisateur, \u00e9chang\u00e9e, transf\u00e9r\u00e9e, c\u00e9d\u00e9e ou vendue sur un support quelconque \u00e0 des tiers. Seule l\u2019hypoth\u00e8se du rachat du site <span style=\"color: #000000;\"><a style=\"color: #000000;\" href=\"https:\/\/www.ehpc-conseils.com\" target=\"_blank\" rel=\"noopener noreferrer\">https:\/\/www.ehpc-conseils.com<\/a><\/span><b>\u00a0<\/b>et de ses droits autorise Ludovic Liron \u00e0 transmettre les dites informations \u00e0 l\u2019\u00e9ventuel acqu\u00e9reur qui serait \u00e0 son tour tenu \u00e0 la m\u00eame obligation de conservation et de modification des donn\u00e9es vis-\u00e0-vis de l\u2019utilisateur du site<span style=\"color: #000000;\"><a style=\"color: #000000;\" href=\"https:\/\/www.ehpc-conseils.com.\" target=\"_blank\" rel=\"noopener noreferrer\"> https:\/\/www.ehpc-conseils.com.<\/a><\/span><\/p>\n<p align=\"justify\">Le site <span style=\"color: #000000;\"><a style=\"color: #000000;\" href=\"https:\/\/www.ehpc-conseils.com\" target=\"_blank\" rel=\"noopener noreferrer\">https:\/\/www.ehpc-conseils.com<\/a><\/span><b>\u00a0<\/b>est en conformit\u00e9 avec le RGPD voir notre politique RGPD <span style=\"color: #000000;\"><a style=\"color: #000000;\" href=\"https:\/\/www.ehpc-conseils.com\/index.php\/politique-de-confidentialite\/\" target=\"_blank\" rel=\"noopener noreferrer\">https:\/\/www.ehpc-conseils.com\/index.php\/politique-de-confidentialite\/<\/a>.<\/span><\/p>\n<p align=\"justify\">Les bases de donn\u00e9es sont prot\u00e9g\u00e9es par les dispositions de la loi du 1er juillet 1998 transposant la directive 96\/9 du 11 mars 1996 relative \u00e0 la protection juridique des bases de donn\u00e9es.<\/p>\n\n\t\t<\/div>\n\t\t\t\t\t<\/div>\n\n\t\n\n<\/div>\n\n\t\t<\/div>\n\n\t\t\n<style>\n#section_1165583384 {\n  padding-top: 60px;\n  padding-bottom: 60px;\n  background-color: rgb(255, 255, 255);\n}\n#section_1165583384 .section-bg-overlay {\n  background-color: rgba(255, 255, 255, 0.85);\n}\n#section_1165583384 .ux-shape-divider--top svg {\n  height: 150px;\n  --divider-top-width: 100%;\n}\n#section_1165583384 .ux-shape-divider--bottom svg {\n  height: 150px;\n  --divider-width: 100%;\n}\n<\/style>\n\t<\/section>\n\t\n<div class=\"message-box relative\" style=\"padding-top:36px;padding-bottom:36px;\"><div class=\"message-box-bg-image bg-fill fill\" ><\/div><div class=\"message-box-bg-overlay bg-fill fill\" style=\"background-color:rgb(241, 241, 241);\"><\/div><div class=\"container relative\"><div class=\"inner last-reset\">\n\n<div class=\"row align-middle\"  id=\"row-1473628354\">\n\n\n\t<div id=\"col-106794810\" class=\"col medium-9 small-12 large-9\"  >\n\t\t\t\t<div class=\"col-inner\"  >\n\t\t\t\n\t\t\t\n\n<h1 style=\"text-align: left;\"><span data-text-color=\"alert\"><strong>UNE QUESTION ?<\/strong><\/span><\/h1>\n<p align=\"justify\"><span data-text-color=\"alert\"><strong>Contactez-nous pour plus de renseignements ou pour toute demande de devis :<\/strong><\/span><\/p>\n\n\t\t<\/div>\n\t\t\t\t\t<\/div>\n\n\t\n\n\t<div id=\"col-2091323273\" class=\"col medium-3 small-12 large-3\"  >\n\t\t\t\t<div class=\"col-inner text-right\"  >\n\t\t\t\n\t\t\t\n\n<a data-animate=\"flipInY\" href=\"https:\/\/www.ehpc-conseils.com\/index.php\/contact\/\" target=\"_self\" class=\"button alert\"  style=\"border-radius:99px;\">\n    <span>Contactez-nous<\/span>\n  <\/a>\n\n\n\n\t\t<\/div>\n\t\t\t\t\t<\/div>\n\n\t\n\n<\/div>\n\n<\/div><\/div><\/div>\n\n","protected":false},"excerpt":{"rendered":"","protected":false},"author":1,"featured_media":0,"parent":0,"menu_order":0,"comment_status":"closed","ping_status":"closed","template":"page-blank.php","meta":{"_monsterinsights_skip_tracking":false,"_monsterinsights_sitenote_active":false,"_monsterinsights_sitenote_note":"","_monsterinsights_sitenote_category":0,"footnotes":""},"_links":{"self":[{"href":"https:\/\/www.ehpc-conseils.com\/index.php\/wp-json\/wp\/v2\/pages\/39"}],"collection":[{"href":"https:\/\/www.ehpc-conseils.com\/index.php\/wp-json\/wp\/v2\/pages"}],"about":[{"href":"https:\/\/www.ehpc-conseils.com\/index.php\/wp-json\/wp\/v2\/types\/page"}],"author":[{"embeddable":true,"href":"https:\/\/www.ehpc-conseils.com\/index.php\/wp-json\/wp\/v2\/users\/1"}],"replies":[{"embeddable":true,"href":"https:\/\/www.ehpc-conseils.com\/index.php\/wp-json\/wp\/v2\/comments?post=39"}],"version-history":[{"count":19,"href":"https:\/\/www.ehpc-conseils.com\/index.php\/wp-json\/wp\/v2\/pages\/39\/revisions"}],"predecessor-version":[{"id":771,"href":"https:\/\/www.ehpc-conseils.com\/index.php\/wp-json\/wp\/v2\/pages\/39\/revisions\/771"}],"wp:attachment":[{"href":"https:\/\/www.ehpc-conseils.com\/index.php\/wp-json\/wp\/v2\/media?parent=39"}],"curies":[{"name":"wp","href":"https:\/\/api.w.org\/{rel}","templated":true}]}}