{"id":41,"date":"2019-12-06T18:14:42","date_gmt":"2019-12-06T17:14:42","guid":{"rendered":"http:\/\/www.ehpc-conseils.com\/?page_id=41"},"modified":"2023-09-20T14:15:12","modified_gmt":"2023-09-20T12:15:12","slug":"notre-cabinet","status":"publish","type":"page","link":"https:\/\/www.ehpc-conseils.com\/index.php\/notre-cabinet\/","title":{"rendered":"A PROPOS"},"content":{"rendered":"\n<span class=\"scroll-to\" data-label=\"Scroll to: #en-savoir-plus\" data-bullet=\"false\" data-link=\"#en-savoir-plus\" data-title=\"en-savoir-plus\"><a name=\"en-savoir-plus\"><\/a><\/span>\n\n\t<section class=\"section\" id=\"section_361930824\">\n\t\t<div class=\"bg section-bg fill bg-fill  bg-loaded\" >\n\n\t\t\t\n\t\t\t<div class=\"section-bg-overlay absolute fill\"><\/div>\n\t\t\t\n\n\t\t<\/div>\n\n\t\t\n\n\t\t<div class=\"section-content relative\">\n\t\t\t\n\n\t<div id=\"gap-246763232\" class=\"gap-element clearfix\" style=\"display:block; height:auto;\">\n\t\t\n<style>\n#gap-246763232 {\n  padding-top: 49px;\n}\n<\/style>\n\t<\/div>\n\t\n\n<div class=\"row row-large align-middle\"  id=\"row-656359898\">\n\n\n\t<div id=\"col-1619096921\" class=\"col medium-6 small-12 large-6\"  >\n\t\t\t\t<div class=\"col-inner text-left\"  >\n\t\t\t\n\t\t\t\n\n<h1 style=\"text-align: left;\"><span style=\"font-size: 120%;\">NOTRE CABINET<\/span><\/h1>\n<div class=\"is-divider divider clearfix\" style=\"max-width:120px;\"><\/div>\n\n<p style=\"text-align: justify;\" align=\"justify\">Implant\u00e9 dans le Val de Marne, EHPC Conseils est le cabinet d\u2019expertise comptable fruit de l\u2019association de deux expertes ayant la volont\u00e9 d&rsquo;accompagner leurs clients \u00e0 travers une relation digitale de confiance.<\/p>\n<p style=\"text-align: justify;\" align=\"justify\">Nous sommes unies par des valeurs communes et une volont\u00e9 d\u2019exercer notre profession avec les m\u00eames exigences et le m\u00eame enthousiasme.<\/p>\n\n\t\t<\/div>\n\t\t\t\t\t<\/div>\n\n\t\n\n\t<div id=\"col-1044271247\" class=\"col medium-6 small-12 large-6\"  >\n\t\t\t\t<div class=\"col-inner\"  >\n\t\t\t\n\t\t\t\n\n\t<div class=\"img has-hover x md-x lg-x y md-y lg-y\" id=\"image_2005081899\">\n\t\t\t\t\t\t<div data-animate=\"fadeInDown\">\t\t<div class=\"img-inner box-shadow-2 dark\" >\n\t\t\t<img loading=\"lazy\" decoding=\"async\" width=\"5472\" height=\"3648\" src=\"https:\/\/www.ehpc-conseils.com\/wp-content\/uploads\/2019\/12\/IMG_1422.jpg\" class=\"attachment-original size-original\" alt=\"pascale combabessou et Emilie humbrecht\" srcset=\"https:\/\/www.ehpc-conseils.com\/wp-content\/uploads\/2019\/12\/IMG_1422.jpg 5472w, https:\/\/www.ehpc-conseils.com\/wp-content\/uploads\/2019\/12\/IMG_1422-300x200.jpg 300w, https:\/\/www.ehpc-conseils.com\/wp-content\/uploads\/2019\/12\/IMG_1422-1024x683.jpg 1024w, https:\/\/www.ehpc-conseils.com\/wp-content\/uploads\/2019\/12\/IMG_1422-768x512.jpg 768w, https:\/\/www.ehpc-conseils.com\/wp-content\/uploads\/2019\/12\/IMG_1422-1536x1024.jpg 1536w, https:\/\/www.ehpc-conseils.com\/wp-content\/uploads\/2019\/12\/IMG_1422-2048x1365.jpg 2048w\" sizes=\"(max-width: 5472px) 100vw, 5472px\" \/>\t\t\t\t\t\t\n\t\t\t\t\t<\/div>\n\t\t<\/div>\t\t\t\t\t\t\n<style>\n#image_2005081899 {\n  width: 100%;\n}\n<\/style>\n\t<\/div>\n\t\n\n\n\t\t<\/div>\n\t\t\t\t\t<\/div>\n\n\t\n\n<\/div>\n\n\t\t<\/div>\n\n\t\t\n<style>\n#section_361930824 {\n  padding-top: 60px;\n  padding-bottom: 60px;\n  background-color: rgb(193, 193, 193);\n}\n#section_361930824 .section-bg-overlay {\n  background-color: rgba(255, 255, 255, 0.85);\n}\n#section_361930824 .ux-shape-divider--top svg {\n  height: 150px;\n  --divider-top-width: 100%;\n}\n#section_361930824 .ux-shape-divider--bottom svg {\n  height: 150px;\n  --divider-width: 100%;\n}\n<\/style>\n\t<\/section>\n\t\n\t<div id=\"gap-171895117\" class=\"gap-element clearfix\" style=\"display:block; height:auto;\">\n\t\t\n<style>\n#gap-171895117 {\n  padding-top: 30px;\n}\n<\/style>\n\t<\/div>\n\t\n\n<span class=\"scroll-to\" data-label=\"Scroll to: #equipe\" data-bullet=\"false\" data-link=\"#equipe\" data-title=\"equipe\"><a name=\"equipe\"><\/a><\/span>\n\n\t<section class=\"section\" id=\"section_131859005\">\n\t\t<div class=\"bg section-bg fill bg-fill  bg-loaded\" >\n\n\t\t\t\n\t\t\t\n\t\t\t\n\n\t\t<\/div>\n\n\t\t\n\n\t\t<div class=\"section-content relative\">\n\t\t\t\n\n\t<div id=\"gap-1482267383\" class=\"gap-element clearfix\" style=\"display:block; height:auto;\">\n\t\t\n<style>\n#gap-1482267383 {\n  padding-top: 30px;\n}\n<\/style>\n\t<\/div>\n\t\n\n\t<div id=\"gap-343929009\" class=\"gap-element clearfix\" style=\"display:block; height:auto;\">\n\t\t\n<style>\n#gap-343929009 {\n  padding-top: 60px;\n}\n<\/style>\n\t<\/div>\n\t\n\n<h1 style=\"text-align: center;\"><span style=\"font-size: 120%;\">LES EXPERTS-COMPTABLES<\/span><\/h1>\n<div class=\"text-center\"><div class=\"is-divider divider clearfix\" style=\"max-width:120px;\"><\/div><\/div>\n\n\n\t\t<\/div>\n\n\t\t\n<style>\n#section_131859005 {\n  padding-top: 16px;\n  padding-bottom: 16px;\n}\n#section_131859005 .ux-shape-divider--top svg {\n  height: 150px;\n  --divider-top-width: 100%;\n}\n#section_131859005 .ux-shape-divider--bottom svg {\n  height: 150px;\n  --divider-width: 100%;\n}\n<\/style>\n\t<\/section>\n\t\n<div class=\"row row-full-width align-middle align-center\"  id=\"row-574213838\">\n\n\n\t<div id=\"col-472652842\" class=\"col medium-4 small-12 large-4\"  >\n\t\t\t\t<div class=\"col-inner\"  >\n\t\t\t\n\t\t\t\n\n\t<div class=\"box has-hover   has-hover box-text-bottom\" >\n\n\t\t<div class=\"box-image\" style=\"width:70%;\">\n\t\t\t\t\t\t<div class=\"\" >\n\t\t\t\t<img loading=\"lazy\" decoding=\"async\" width=\"1246\" height=\"1243\" src=\"https:\/\/www.ehpc-conseils.com\/wp-content\/uploads\/2020\/01\/emilie.png\" class=\"attachment- size-\" alt=\"Emilie humbrecht expert comptable dans le cabinet d&#039;expertise comptable EHPC Conseils\" srcset=\"https:\/\/www.ehpc-conseils.com\/wp-content\/uploads\/2020\/01\/emilie.png 1246w, https:\/\/www.ehpc-conseils.com\/wp-content\/uploads\/2020\/01\/emilie-300x300.png 300w, https:\/\/www.ehpc-conseils.com\/wp-content\/uploads\/2020\/01\/emilie-1024x1022.png 1024w, https:\/\/www.ehpc-conseils.com\/wp-content\/uploads\/2020\/01\/emilie-150x150.png 150w, https:\/\/www.ehpc-conseils.com\/wp-content\/uploads\/2020\/01\/emilie-768x766.png 768w\" sizes=\"(max-width: 1246px) 100vw, 1246px\" \/>\t\t\t\t\t\t\t\t\t\t\t<\/div>\n\t\t\t\t\t<\/div>\n\n\t\t<div class=\"box-text text-center\" >\n\t\t\t<div class=\"box-text-inner\">\n\t\t\t\t\n\n\t<div id=\"gap-696359423\" class=\"gap-element clearfix\" style=\"display:block; height:auto;\">\n\t\t\n<style>\n#gap-696359423 {\n  padding-top: 30px;\n}\n<\/style>\n\t<\/div>\n\t\n\n<p class=\"uppercase\" style=\"text-align: center;\"><span class=\"person-name\"><br>\n<strong>Emilie Humbrecht<\/strong><br>\n<em>Expert-comptable<\/em><\/span><\/p>\n<div class=\"social-icons follow-icons full-width text-center\" ><a href=\"mailto:emilie.humbrecht@ehpc-conseils.com\" data-label=\"E-mail\" rel=\"nofollow\" class=\"icon plain  email tooltip\" title=\"Nous envoyer un email\" aria-label=\"Nous envoyer un email\"><i class=\"icon-envelop\" ><\/i><\/a><a href=\"tel:07 66 72 59 99\" target=\"_blank\" data-label=\"Phone\" rel=\"noopener noreferrer nofollow\" class=\"icon plain  phone tooltip\" title=\"Call us\" aria-label=\"Call us\"><i class=\"icon-phone\" ><\/i><\/a><a href=\"https:\/\/www.linkedin.com\/in\/emilie-humbrecht-b047a0197\/\" target=\"_blank\" rel=\"noopener noreferrer nofollow\" data-label=\"LinkedIn\" class=\"icon plain  linkedin tooltip\" title=\"Follow on LinkedIn\" aria-label=\"Follow on LinkedIn\"><i class=\"icon-linkedin\" ><\/i><\/a><\/div>\n\n\n\t\t\t<\/div>\n\t\t<\/div>\n\t<\/div>\n\t\n<p align=\"justify\">Titulaire du dipl\u00f4me d\u2019expertise comptable, j\u2019ai choisi mon m\u00e9tier pour la vari\u00e9t\u00e9 des missions que je peux proposer et la diversit\u00e9 des personnes rencontr\u00e9es. Ma volont\u00e9 est d&rsquo;accompagner au mieux les chefs d&rsquo;entreprise et de maintenir une relation de confiance.&nbsp;Ainsi, je suis fi\u00e8re de repr\u00e9senter un cabinet aux comp\u00e9tences multiples proposant un accompagnement et des conseils sur mesure.<\/p>\n<p align=\"justify\">Mon exp\u00e9rience de plus de 15 ans acquise dans le monde de l\u2019expertise comptable me permet de garantir des prestations de qualit\u00e9 \u00e0 la hauteur de vos attentes.<\/p>\n\n\t\t<\/div>\n\t\t\t\t\t<\/div>\n\n\t\n\n\t<div id=\"col-532339386\" class=\"col medium-4 small-12 large-4\"  >\n\t\t\t\t<div class=\"col-inner\"  >\n\t\t\t\n\t\t\t\n\n\t<div class=\"box has-hover   has-hover box-text-bottom\" >\n\n\t\t<div class=\"box-image\" style=\"width:70%;\">\n\t\t\t\t\t\t<div class=\"\" >\n\t\t\t\t<img loading=\"lazy\" decoding=\"async\" width=\"2402\" height=\"2509\" src=\"https:\/\/www.ehpc-conseils.com\/wp-content\/uploads\/2020\/01\/pascale-combabessou2.png\" class=\"attachment- size-\" alt=\"pascale combabessou expert comptable dans le cabinet d&#039;expertise comptable EHPC Conseils\" srcset=\"https:\/\/www.ehpc-conseils.com\/wp-content\/uploads\/2020\/01\/pascale-combabessou2.png 2402w, https:\/\/www.ehpc-conseils.com\/wp-content\/uploads\/2020\/01\/pascale-combabessou2-287x300.png 287w, https:\/\/www.ehpc-conseils.com\/wp-content\/uploads\/2020\/01\/pascale-combabessou2-980x1024.png 980w, https:\/\/www.ehpc-conseils.com\/wp-content\/uploads\/2020\/01\/pascale-combabessou2-768x802.png 768w, https:\/\/www.ehpc-conseils.com\/wp-content\/uploads\/2020\/01\/pascale-combabessou2-1470x1536.png 1470w, https:\/\/www.ehpc-conseils.com\/wp-content\/uploads\/2020\/01\/pascale-combabessou2-1961x2048.png 1961w\" sizes=\"(max-width: 2402px) 100vw, 2402px\" \/>\t\t\t\t\t\t\t\t\t\t\t<\/div>\n\t\t\t\t\t<\/div>\n\n\t\t<div class=\"box-text text-center\" >\n\t\t\t<div class=\"box-text-inner\">\n\t\t\t\t\n\n\t<div id=\"gap-1009759393\" class=\"gap-element clearfix\" style=\"display:block; height:auto;\">\n\t\t\n<style>\n#gap-1009759393 {\n  padding-top: 12px;\n}\n<\/style>\n\t<\/div>\n\t\n\n<p class=\"uppercase\" style=\"text-align: center;\"><span class=\"person-name\"><br>\n<strong>Pascale Combabessou <\/strong><br>\n<em>Expert-comptable<\/em><\/span><\/p>\n<div class=\"social-icons follow-icons full-width text-center\" ><a href=\"mailto:pascale.combabessou@ehpc-conseils.com\" data-label=\"E-mail\" rel=\"nofollow\" class=\"icon plain  email tooltip\" title=\"Nous envoyer un email\" aria-label=\"Nous envoyer un email\"><i class=\"icon-envelop\" ><\/i><\/a><a href=\"tel:07 66 72 47 87\" target=\"_blank\" data-label=\"Phone\" rel=\"noopener noreferrer nofollow\" class=\"icon plain  phone tooltip\" title=\"Call us\" aria-label=\"Call us\"><i class=\"icon-phone\" ><\/i><\/a><a href=\"https:\/\/www.linkedin.com\/in\/pascale-combabessou-822933152\/\" target=\"_blank\" rel=\"noopener noreferrer nofollow\" data-label=\"LinkedIn\" class=\"icon plain  linkedin tooltip\" title=\"Follow on LinkedIn\" aria-label=\"Follow on LinkedIn\"><i class=\"icon-linkedin\" ><\/i><\/a><\/div>\n\n\n\t\t\t<\/div>\n\t\t<\/div>\n\t<\/div>\n\t\n<p align=\"justify\">Dipl\u00f4m\u00e9e d\u2019expertise comptable et forte d\u2019une exp\u00e9rience de 15 ans dans l\u2019accompagnement de chefs d\u2019entreprise, je suis aujourd\u2019hui heureuse de vous proposer au sein de notre cabinet un service personnalis\u00e9 avec des prestations de haute qualit\u00e9 et toujours plus \u00e9tendues.<\/p>\n<p align=\"justify\">Que vous soyez cr\u00e9ateur d\u2019entreprise, artisan, commer\u00e7ant ou bien professionnel lib\u00e9ral, mon m\u00e9tier est de faciliter le v\u00f4tre. Pour cela je m\u2019attache au quotidien \u00e0 rendre clair vos chiffres et vos choix gr\u00e2ce \u00e0 un discours explicite et l\u2019utilisation d\u2019outils adapt\u00e9s \u00e0 la taille de votre entreprise.<\/p>\n\n\t\t<\/div>\n\t\t\t\t\t<\/div>\n\n\t\n\n<\/div>\n\t<div id=\"gap-1149473794\" class=\"gap-element clearfix\" style=\"display:block; height:auto;\">\n\t\t\n<style>\n#gap-1149473794 {\n  padding-top: 64px;\n}\n<\/style>\n\t<\/div>\n\t\n\n<span class=\"scroll-to\" data-label=\"Scroll to: #nos-valeurs\" data-bullet=\"false\" data-link=\"#nos-valeurs\" data-title=\"nos-valeurs\"><a name=\"nos-valeurs\"><\/a><\/span>\n\n<div class=\"row align-center\"  id=\"row-688542478\">\n\n\n\t<div id=\"col-1996649251\" class=\"col medium-5 small-9 large-5\"  >\n\t\t\t\t<div class=\"col-inner text-center\"  >\n\t\t\t\n\t\t\t\n\n\t<div id=\"gap-929836568\" class=\"gap-element clearfix\" style=\"display:block; height:auto;\">\n\t\t\n<style>\n#gap-929836568 {\n  padding-top: 45px;\n}\n<\/style>\n\t<\/div>\n\t\n\n\t<div id=\"gap-259526723\" class=\"gap-element clearfix\" style=\"display:block; height:auto;\">\n\t\t\n<style>\n#gap-259526723 {\n  padding-top: 30px;\n}\n<\/style>\n\t<\/div>\n\t\n\n<h1 style=\"text-align: center;\"><span style=\"font-size: 120%;\">NOS VALEURS<\/span><\/h1>\n<div class=\"text-center\"><div class=\"is-divider divider clearfix\" style=\"max-width:120px;\"><\/div><\/div>\n\n\n\t\t<\/div>\n\t\t\t\t\t<\/div>\n\n\t\n\n<\/div>\n\t<section class=\"section\" id=\"section_1442323214\">\n\t\t<div class=\"bg section-bg fill bg-fill  bg-loaded\" >\n\n\t\t\t\n\t\t\t\n\t\t\t\n\n\t\t<\/div>\n\n\t\t\n\n\t\t<div class=\"section-content relative\">\n\t\t\t\n\n<div class=\"row\"  id=\"row-687107482\">\n\n\n\t<div id=\"col-1130768152\" class=\"col medium-3 small-6 large-3\"  data-animate=\"fadeInLeft\">\n\t\t\t\t<div class=\"col-inner\"  >\n\t\t\t\n\t\t\t\n\n\n\t\t<div class=\"icon-box featured-box icon-box-center text-center\"  >\n\t\t\t\t\t<div class=\"icon-box-img\" style=\"width: 60px\">\n\t\t\t\t<div class=\"icon\">\n\t\t\t\t\t<div class=\"icon-inner\" >\n\t\t\t\t\t\t<img loading=\"lazy\" decoding=\"async\" width=\"294\" height=\"294\" src=\"https:\/\/www.ehpc-conseils.com\/wp-content\/uploads\/2019\/12\/picto-dispo.png\" class=\"attachment-medium size-medium\" alt=\"picto disponibilit\u00e9 du cabinet d&#039;expertise comptable EHPC Conseils appartenant \u00e0 pascale combabessou\" srcset=\"https:\/\/www.ehpc-conseils.com\/wp-content\/uploads\/2019\/12\/picto-dispo.png 294w, https:\/\/www.ehpc-conseils.com\/wp-content\/uploads\/2019\/12\/picto-dispo-150x150.png 150w\" sizes=\"(max-width: 294px) 100vw, 294px\" \/>\t\t\t\t\t<\/div>\n\t\t\t\t<\/div>\n\t\t\t<\/div>\n\t\t\t\t<div class=\"icon-box-text last-reset\">\n\t\t\t\t\t\t\t\t\t\n\n<h3 style=\"text-align: center;\"><span data-text-color=\"alert\">Une \u00e9quipe disponible<\/span><\/h3>\n<div>\n<div style=\"text-align: center;\">Nos clients b\u00e9n\u00e9ficient de l\u2019avantage d\u2019une petite structure&nbsp;avec une qualit\u00e9 d\u2019\u00e9coute et la disponibilit\u00e9 de leur expert-comptable.<\/div>\n<\/div>\n\n\t\t<\/div>\n\t<\/div>\n\t\n\t\n\n\t\t<\/div>\n\t\t\t\t\t<\/div>\n\n\t\n\n\t<div id=\"col-1358264203\" class=\"col medium-3 small-6 large-3\"  data-animate=\"fadeInLeft\">\n\t\t\t\t<div class=\"col-inner\"  >\n\t\t\t\n\t\t\t\n\n\n\t\t<div class=\"icon-box featured-box icon-box-center text-center\"  >\n\t\t\t\t\t<div class=\"icon-box-img\" style=\"width: 60px\">\n\t\t\t\t<div class=\"icon\">\n\t\t\t\t\t<div class=\"icon-inner\" >\n\t\t\t\t\t\t<img loading=\"lazy\" decoding=\"async\" width=\"294\" height=\"294\" src=\"https:\/\/www.ehpc-conseils.com\/wp-content\/uploads\/2019\/12\/picto-modernit\u00e9.png\" class=\"attachment-medium size-medium\" alt=\"picto symbolisant la modernit\u00e9 du cabinet d&#039;expertise comptable EHPC Conseils appartenant \u00e0 pascale combabessou - nouvelle technologie digital\" srcset=\"https:\/\/www.ehpc-conseils.com\/wp-content\/uploads\/2019\/12\/picto-modernit\u00e9.png 294w, https:\/\/www.ehpc-conseils.com\/wp-content\/uploads\/2019\/12\/picto-modernit\u00e9-150x150.png 150w\" sizes=\"(max-width: 294px) 100vw, 294px\" \/>\t\t\t\t\t<\/div>\n\t\t\t\t<\/div>\n\t\t\t<\/div>\n\t\t\t\t<div class=\"icon-box-text last-reset\">\n\t\t\t\t\t\t\t\t\t\n\n<h3 style=\"text-align: center;\"><span data-text-color=\"alert\">Modernit\u00e9<\/span><\/h3>\n<p style=\"text-align: center;\">Notre cabinet, orient\u00e9 digital et 0% papier, est dot\u00e9 d\u2019outils de derni\u00e8re g\u00e9n\u00e9ration permettant de faciliter la gestion et l\u2019administration de ses clients.<\/p>\n<h3 style=\"text-align: center;\">&nbsp;<\/h3>\n\n\t\t<\/div>\n\t<\/div>\n\t\n\t\n\n\t\t<\/div>\n\t\t\t\t\t<\/div>\n\n\t\n\n\t<div id=\"col-1362832309\" class=\"col medium-3 small-6 large-3\"  data-animate=\"fadeInLeft\">\n\t\t\t\t<div class=\"col-inner\"  >\n\t\t\t\n\t\t\t\n\n\n\t\t<div class=\"icon-box featured-box icon-box-center text-center\"  >\n\t\t\t\t\t<div class=\"icon-box-img\" style=\"width: 60px\">\n\t\t\t\t<div class=\"icon\">\n\t\t\t\t\t<div class=\"icon-inner\" >\n\t\t\t\t\t\t<img loading=\"lazy\" decoding=\"async\" width=\"294\" height=\"294\" src=\"https:\/\/www.ehpc-conseils.com\/wp-content\/uploads\/2019\/12\/picto-relation.png\" class=\"attachment-medium size-medium\" alt=\"\" srcset=\"https:\/\/www.ehpc-conseils.com\/wp-content\/uploads\/2019\/12\/picto-relation.png 294w, https:\/\/www.ehpc-conseils.com\/wp-content\/uploads\/2019\/12\/picto-relation-150x150.png 150w\" sizes=\"(max-width: 294px) 100vw, 294px\" \/>\t\t\t\t\t<\/div>\n\t\t\t\t<\/div>\n\t\t\t<\/div>\n\t\t\t\t<div class=\"icon-box-text last-reset\">\n\t\t\t\t\t\t\t\t\t\n\n<h3 style=\"text-align: center;\"><span data-text-color=\"alert\">Proximit\u00e9 &amp; relation durable<\/span><\/h3>\n<p style=\"text-align: center;\">Nous consid\u00e9rons que la r\u00e9ussite de notre cabinet est li\u00e9e \u00e0 la relation de qualit\u00e9 que nous entretenons avec nos clients.<\/p>\n<h3 style=\"text-align: center;\">&nbsp;<\/h3>\n\n\t\t<\/div>\n\t<\/div>\n\t\n\t\n\n\t\t<\/div>\n\t\t\t\t\t<\/div>\n\n\t\n\n\t<div id=\"col-1789319218\" class=\"col medium-3 small-6 large-3\"  data-animate=\"fadeInLeft\">\n\t\t\t\t<div class=\"col-inner\"  >\n\t\t\t\n\t\t\t\n\n\n\t\t<div class=\"icon-box featured-box icon-box-center text-center\"  >\n\t\t\t\t\t<div class=\"icon-box-img\" style=\"width: 60px\">\n\t\t\t\t<div class=\"icon\">\n\t\t\t\t\t<div class=\"icon-inner\" >\n\t\t\t\t\t\t<img loading=\"lazy\" decoding=\"async\" width=\"294\" height=\"294\" src=\"https:\/\/www.ehpc-conseils.com\/wp-content\/uploads\/2019\/12\/picto-conseils.png\" class=\"attachment-medium size-medium\" alt=\"picto symbolisant les conseils et la qualit\u00e9 du cabinet d&#039;expertise comptable EHPC Conseils appartenant \u00e0 pascale combabessou\" srcset=\"https:\/\/www.ehpc-conseils.com\/wp-content\/uploads\/2019\/12\/picto-conseils.png 294w, https:\/\/www.ehpc-conseils.com\/wp-content\/uploads\/2019\/12\/picto-conseils-150x150.png 150w\" sizes=\"(max-width: 294px) 100vw, 294px\" \/>\t\t\t\t\t<\/div>\n\t\t\t\t<\/div>\n\t\t\t<\/div>\n\t\t\t\t<div class=\"icon-box-text last-reset\">\n\t\t\t\t\t\t\t\t\t\n\n<h3 style=\"text-align: center;\"><span data-text-color=\"alert\">Conseils &amp; qualit\u00e9<\/span><\/h3>\n<p style=\"text-align: center;\">Notre volont\u00e9 n\u2019est pas d\u2019\u00eatre uniquement un service comptable mais un partenaire de confiance vous offrant un accompagnement continu, des conseils adapt\u00e9s et des comp\u00e9tences multiples de qualit\u00e9.<\/p>\n<h3 style=\"text-align: center;\">&nbsp;<\/h3>\n\n\t\t<\/div>\n\t<\/div>\n\t\n\t\n\n\t\t<\/div>\n\t\t\t\t\t<\/div>\n\n\t\n\n<\/div>\n\n\t\t<\/div>\n\n\t\t\n<style>\n#section_1442323214 {\n  padding-top: 30px;\n  padding-bottom: 30px;\n}\n#section_1442323214 .ux-shape-divider--top svg {\n  height: 150px;\n  --divider-top-width: 100%;\n}\n#section_1442323214 .ux-shape-divider--bottom svg {\n  height: 150px;\n  --divider-width: 100%;\n}\n<\/style>\n\t<\/section>\n\t\n\t<div id=\"gap-620967978\" class=\"gap-element clearfix\" style=\"display:block; height:auto;\">\n\t\t\n<style>\n#gap-620967978 {\n  padding-top: 30px;\n}\n<\/style>\n\t<\/div>\n\t\n\n<div class=\"message-box relative\" style=\"padding-top:36px;padding-bottom:36px;\"><div class=\"message-box-bg-image bg-fill fill\" ><\/div><div class=\"message-box-bg-overlay bg-fill fill\" style=\"background-color:rgb(241, 241, 241);\"><\/div><div class=\"container relative\"><div class=\"inner last-reset\">\n\n<div class=\"row align-middle\"  id=\"row-885709119\">\n\n\n\t<div id=\"col-1212649316\" class=\"col medium-9 small-12 large-9\"  >\n\t\t\t\t<div class=\"col-inner\"  >\n\t\t\t\n\t\t\t\n\n<h1 style=\"text-align: left;\"><span data-text-color=\"alert\"><strong>UNE QUESTION ?<\/strong><\/span><\/h1>\n<p align=\"justify\"><span data-text-color=\"alert\"><strong>Contactez-nous pour plus de renseignements ou pour toute demande de devis&nbsp; :<\/strong><\/span><\/p>\n\n\t\t<\/div>\n\t\t\t\t\t<\/div>\n\n\t\n\n\t<div id=\"col-1964920266\" class=\"col medium-3 small-12 large-3\"  >\n\t\t\t\t<div class=\"col-inner text-right\"  >\n\t\t\t\n\t\t\t\n\n<a data-animate=\"flipInY\" href=\"https:\/\/www.ehpc-conseils.com\/index.php\/contact\/\" target=\"_self\" class=\"button alert\"  style=\"border-radius:99px;\">\n    <span>Contactez-nous<\/span>\n  <\/a>\n\n\n\n\t\t<\/div>\n\t\t\t\t\t<\/div>\n\n\t\n\n<\/div>\n\n<\/div><\/div><\/div>\n","protected":false},"excerpt":{"rendered":"","protected":false},"author":1,"featured_media":0,"parent":0,"menu_order":0,"comment_status":"closed","ping_status":"closed","template":"page-blank.php","meta":{"_monsterinsights_skip_tracking":false,"_monsterinsights_sitenote_active":false,"_monsterinsights_sitenote_note":"","_monsterinsights_sitenote_category":0,"footnotes":""},"_links":{"self":[{"href":"https:\/\/www.ehpc-conseils.com\/index.php\/wp-json\/wp\/v2\/pages\/41"}],"collection":[{"href":"https:\/\/www.ehpc-conseils.com\/index.php\/wp-json\/wp\/v2\/pages"}],"about":[{"href":"https:\/\/www.ehpc-conseils.com\/index.php\/wp-json\/wp\/v2\/types\/page"}],"author":[{"embeddable":true,"href":"https:\/\/www.ehpc-conseils.com\/index.php\/wp-json\/wp\/v2\/users\/1"}],"replies":[{"embeddable":true,"href":"https:\/\/www.ehpc-conseils.com\/index.php\/wp-json\/wp\/v2\/comments?post=41"}],"version-history":[{"count":130,"href":"https:\/\/www.ehpc-conseils.com\/index.php\/wp-json\/wp\/v2\/pages\/41\/revisions"}],"predecessor-version":[{"id":2885,"href":"https:\/\/www.ehpc-conseils.com\/index.php\/wp-json\/wp\/v2\/pages\/41\/revisions\/2885"}],"wp:attachment":[{"href":"https:\/\/www.ehpc-conseils.com\/index.php\/wp-json\/wp\/v2\/media?parent=41"}],"curies":[{"name":"wp","href":"https:\/\/api.w.org\/{rel}","templated":true}]}}